{"id":7,"date":"2018-08-20T17:16:23","date_gmt":"2018-08-20T15:16:23","guid":{"rendered":"https:\/\/www.peche-05.com\/?page_id=7"},"modified":"2026-02-14T10:45:21","modified_gmt":"2026-02-14T09:45:21","slug":"peche-a-la-mouche-stage-coup-du-soir-journee","status":"publish","type":"page","link":"https:\/\/www.peche-05.com\/","title":{"rendered":"BLN Fly-Fishing 05 &#8211; Moniteur Guide de P\u00eache Hautes-Alpes"},"content":{"rendered":"","protected":false},"excerpt":{"rendered":"","protected":false},"author":1,"featured_media":0,"parent":0,"menu_order":0,"comment_status":"closed","ping_status":"closed","template":"template-frontpage.php","meta":{"footnotes":""},"class_list":["post-7","page","type-page","status-publish","hentry"],"yoast_head":"<!-- This site is optimized with the Yoast SEO plugin v27.4 - https:\/\/yoast.com\/product\/yoast-seo-wordpress\/ -->\n<title>BLN Fly-Fishing 05 - Moniteur Guide de P\u00eache Hautes-Alpes -<\/title>\n<meta name=\"description\" content=\"Moniteur Guide de P\u00eache dipl\u00f4m\u00e9, \u00e0 L&#039;Argenti\u00e8re-La Bess\u00e9e 05, Hautes-Alpes \u260e 0642157369 - P\u00eache \u00e0 la Mouche ou p\u00eache \u00e0 l&#039;Ultra-l\u00e9ger. Demi-journ\u00e9e, journ\u00e9e, stages et coup du soir\" \/>\n<meta name=\"robots\" content=\"index, follow, max-snippet:-1, max-image-preview:large, max-video-preview:-1\" \/>\n<link rel=\"canonical\" href=\"https:\/\/www.peche-05.com\/\" \/>\n<meta property=\"og:locale\" content=\"fr_FR\" \/>\n<meta property=\"og:type\" content=\"article\" \/>\n<meta property=\"og:title\" content=\"BLN Fly-Fishing 05 - Moniteur Guide de P\u00eache Hautes-Alpes -\" \/>\n<meta property=\"og:description\" content=\"Moniteur Guide de P\u00eache dipl\u00f4m\u00e9, \u00e0 L&#039;Argenti\u00e8re-La Bess\u00e9e 05, Hautes-Alpes \u260e 0642157369 - P\u00eache \u00e0 la Mouche ou p\u00eache \u00e0 l&#039;Ultra-l\u00e9ger. Demi-journ\u00e9e, journ\u00e9e, stages et coup du soir\" \/>\n<meta property=\"og:url\" content=\"https:\/\/www.peche-05.com\/\" \/>\n<meta property=\"og:site_name\" content=\"BLN Fly-Fishing 05\" \/>\n<meta property=\"article:modified_time\" content=\"2026-02-14T09:45:21+00:00\" \/>\n<meta name=\"twitter:card\" content=\"summary_large_image\" \/>\n<script type=\"application\/ld+json\" class=\"yoast-schema-graph\">{\"@context\":\"https:\\\/\\\/schema.org\",\"@graph\":[{\"@type\":\"WebPage\",\"@id\":\"https:\\\/\\\/www.peche-05.com\\\/\",\"url\":\"https:\\\/\\\/www.peche-05.com\\\/\",\"name\":\"BLN Fly-Fishing 05 - Moniteur Guide de P\u00eache Hautes-Alpes -\",\"isPartOf\":{\"@id\":\"https:\\\/\\\/www.peche-05.com\\\/#website\"},\"datePublished\":\"2018-08-20T15:16:23+00:00\",\"dateModified\":\"2026-02-14T09:45:21+00:00\",\"description\":\"Moniteur Guide de P\u00eache dipl\u00f4m\u00e9, \u00e0 L'Argenti\u00e8re-La Bess\u00e9e 05, Hautes-Alpes \u260e 0642157369 - P\u00eache \u00e0 la Mouche ou p\u00eache \u00e0 l'Ultra-l\u00e9ger. Demi-journ\u00e9e, journ\u00e9e, stages et coup du soir\",\"breadcrumb\":{\"@id\":\"https:\\\/\\\/www.peche-05.com\\\/#breadcrumb\"},\"inLanguage\":\"fr-FR\",\"potentialAction\":[{\"@type\":\"ReadAction\",\"target\":[\"https:\\\/\\\/www.peche-05.com\\\/\"]}]},{\"@type\":\"BreadcrumbList\",\"@id\":\"https:\\\/\\\/www.peche-05.com\\\/#breadcrumb\",\"itemListElement\":[{\"@type\":\"ListItem\",\"position\":1,\"name\":\"Accueil\",\"item\":\"https:\\\/\\\/www.peche-05.com\\\/\"},{\"@type\":\"ListItem\",\"position\":2,\"name\":\"BLN Fly-Fishing 05 &#8211; Moniteur Guide de P\u00eache Hautes-Alpes\"}]},{\"@type\":\"WebSite\",\"@id\":\"https:\\\/\\\/www.peche-05.com\\\/#website\",\"url\":\"https:\\\/\\\/www.peche-05.com\\\/\",\"name\":\"BLN Fly-Fishing 05\",\"description\":\"Moniteur Guide de P\u00eache - Hautes Alpes - \u260e 06 42 15 73 69\",\"publisher\":{\"@id\":\"https:\\\/\\\/www.peche-05.com\\\/#organization\"},\"potentialAction\":[{\"@type\":\"SearchAction\",\"target\":{\"@type\":\"EntryPoint\",\"urlTemplate\":\"https:\\\/\\\/www.peche-05.com\\\/?s={search_term_string}\"},\"query-input\":{\"@type\":\"PropertyValueSpecification\",\"valueRequired\":true,\"valueName\":\"search_term_string\"}}],\"inLanguage\":\"fr-FR\"},{\"@type\":\"Organization\",\"@id\":\"https:\\\/\\\/www.peche-05.com\\\/#organization\",\"name\":\"BLN Fly-Fishing 05\",\"url\":\"https:\\\/\\\/www.peche-05.com\\\/\",\"logo\":{\"@type\":\"ImageObject\",\"inLanguage\":\"fr-FR\",\"@id\":\"https:\\\/\\\/www.peche-05.com\\\/#\\\/schema\\\/logo\\\/image\\\/\",\"url\":\"https:\\\/\\\/www.peche-05.com\\\/wp-content\\\/uploads\\\/2018\\\/08\\\/L\u00d4G\u00d4--e1550510394861.png\",\"contentUrl\":\"https:\\\/\\\/www.peche-05.com\\\/wp-content\\\/uploads\\\/2018\\\/08\\\/L\u00d4G\u00d4--e1550510394861.png\",\"width\":200,\"height\":129,\"caption\":\"BLN Fly-Fishing 05\"},\"image\":{\"@id\":\"https:\\\/\\\/www.peche-05.com\\\/#\\\/schema\\\/logo\\\/image\\\/\"}}]}<\/script>\n<!-- \/ Yoast SEO plugin. -->","yoast_head_json":{"title":"BLN Fly-Fishing 05 - Moniteur Guide de P\u00eache Hautes-Alpes -","description":"Moniteur Guide de P\u00eache dipl\u00f4m\u00e9, \u00e0 L'Argenti\u00e8re-La Bess\u00e9e 05, Hautes-Alpes \u260e 0642157369 - P\u00eache \u00e0 la Mouche ou p\u00eache \u00e0 l'Ultra-l\u00e9ger. Demi-journ\u00e9e, journ\u00e9e, stages et coup du soir","robots":{"index":"index","follow":"follow","max-snippet":"max-snippet:-1","max-image-preview":"max-image-preview:large","max-video-preview":"max-video-preview:-1"},"canonical":"https:\/\/www.peche-05.com\/","og_locale":"fr_FR","og_type":"article","og_title":"BLN Fly-Fishing 05 - Moniteur Guide de P\u00eache Hautes-Alpes -","og_description":"Moniteur Guide de P\u00eache dipl\u00f4m\u00e9, \u00e0 L'Argenti\u00e8re-La Bess\u00e9e 05, Hautes-Alpes \u260e 0642157369 - P\u00eache \u00e0 la Mouche ou p\u00eache \u00e0 l'Ultra-l\u00e9ger. Demi-journ\u00e9e, journ\u00e9e, stages et coup du soir","og_url":"https:\/\/www.peche-05.com\/","og_site_name":"BLN Fly-Fishing 05","article_modified_time":"2026-02-14T09:45:21+00:00","twitter_card":"summary_large_image","schema":{"@context":"https:\/\/schema.org","@graph":[{"@type":"WebPage","@id":"https:\/\/www.peche-05.com\/","url":"https:\/\/www.peche-05.com\/","name":"BLN Fly-Fishing 05 - Moniteur Guide de P\u00eache Hautes-Alpes -","isPartOf":{"@id":"https:\/\/www.peche-05.com\/#website"},"datePublished":"2018-08-20T15:16:23+00:00","dateModified":"2026-02-14T09:45:21+00:00","description":"Moniteur Guide de P\u00eache dipl\u00f4m\u00e9, \u00e0 L'Argenti\u00e8re-La Bess\u00e9e 05, Hautes-Alpes \u260e 0642157369 - P\u00eache \u00e0 la Mouche ou p\u00eache \u00e0 l'Ultra-l\u00e9ger. Demi-journ\u00e9e, journ\u00e9e, stages et coup du soir","breadcrumb":{"@id":"https:\/\/www.peche-05.com\/#breadcrumb"},"inLanguage":"fr-FR","potentialAction":[{"@type":"ReadAction","target":["https:\/\/www.peche-05.com\/"]}]},{"@type":"BreadcrumbList","@id":"https:\/\/www.peche-05.com\/#breadcrumb","itemListElement":[{"@type":"ListItem","position":1,"name":"Accueil","item":"https:\/\/www.peche-05.com\/"},{"@type":"ListItem","position":2,"name":"BLN Fly-Fishing 05 &#8211; Moniteur Guide de P\u00eache Hautes-Alpes"}]},{"@type":"WebSite","@id":"https:\/\/www.peche-05.com\/#website","url":"https:\/\/www.peche-05.com\/","name":"BLN Fly-Fishing 05","description":"Moniteur Guide de P\u00eache - Hautes Alpes - \u260e 06 42 15 73 69","publisher":{"@id":"https:\/\/www.peche-05.com\/#organization"},"potentialAction":[{"@type":"SearchAction","target":{"@type":"EntryPoint","urlTemplate":"https:\/\/www.peche-05.com\/?s={search_term_string}"},"query-input":{"@type":"PropertyValueSpecification","valueRequired":true,"valueName":"search_term_string"}}],"inLanguage":"fr-FR"},{"@type":"Organization","@id":"https:\/\/www.peche-05.com\/#organization","name":"BLN Fly-Fishing 05","url":"https:\/\/www.peche-05.com\/","logo":{"@type":"ImageObject","inLanguage":"fr-FR","@id":"https:\/\/www.peche-05.com\/#\/schema\/logo\/image\/","url":"https:\/\/www.peche-05.com\/wp-content\/uploads\/2018\/08\/L\u00d4G\u00d4--e1550510394861.png","contentUrl":"https:\/\/www.peche-05.com\/wp-content\/uploads\/2018\/08\/L\u00d4G\u00d4--e1550510394861.png","width":200,"height":129,"caption":"BLN Fly-Fishing 05"},"image":{"@id":"https:\/\/www.peche-05.com\/#\/schema\/logo\/image\/"}}]}},"_links":{"self":[{"href":"https:\/\/www.peche-05.com\/index.php\/wp-json\/wp\/v2\/pages\/7","targetHints":{"allow":["GET"]}}],"collection":[{"href":"https:\/\/www.peche-05.com\/index.php\/wp-json\/wp\/v2\/pages"}],"about":[{"href":"https:\/\/www.peche-05.com\/index.php\/wp-json\/wp\/v2\/types\/page"}],"author":[{"embeddable":true,"href":"https:\/\/www.peche-05.com\/index.php\/wp-json\/wp\/v2\/users\/1"}],"replies":[{"embeddable":true,"href":"https:\/\/www.peche-05.com\/index.php\/wp-json\/wp\/v2\/comments?post=7"}],"version-history":[{"count":3,"href":"https:\/\/www.peche-05.com\/index.php\/wp-json\/wp\/v2\/pages\/7\/revisions"}],"predecessor-version":[{"id":566,"href":"https:\/\/www.peche-05.com\/index.php\/wp-json\/wp\/v2\/pages\/7\/revisions\/566"}],"wp:attachment":[{"href":"https:\/\/www.peche-05.com\/index.php\/wp-json\/wp\/v2\/media?parent=7"}],"curies":[{"name":"wp","href":"https:\/\/api.w.org\/{rel}","templated":true}]}}