{"id":103,"date":"2018-08-24T14:38:31","date_gmt":"2018-08-24T12:38:31","guid":{"rendered":"https:\/\/www.peche-05.com\/?page_id=103"},"modified":"2019-03-26T17:04:18","modified_gmt":"2019-03-26T16:04:18","slug":"mentions-legales","status":"publish","type":"page","link":"https:\/\/www.peche-05.com\/index.php\/mentions-legales\/","title":{"rendered":"Mentions L\u00e9gales"},"content":{"rendered":"<h3>Mentions L\u00e9gales<\/h3>\n<ul>\n<li><strong>Site h\u00e9berg\u00e9 par :<\/strong> OVH Roubaix.<\/li>\n<li><strong>Directeur de la publication :<\/strong> Mr Ades Boulmenadjel. Moniteur Guide de P\u00eache dipl\u00f4m\u00e9 du Centre National de Formation aux M\u00e9tiers de la P\u00eache &#8211; 23150 Ahun<\/li>\n<li><strong>Carte professionnelle n\u00b0 :<\/strong>  00519ED0012<\/li>\n<li><strong>Dipl\u00f4me BPJEPS n\u00b0 :<\/strong> BPALP180769<\/li>\n<li><strong>Donn\u00e9es Personnelles :<\/strong> Conform\u00e9ment \u00e0 la l\u00e9gislation en vigueur, vos donn\u00e9es personnelles ne serviront que dans le cadre de communications ou d&rsquo;organisations d&rsquo;activit\u00e9s avec BLN Fly-Fishing 05. Vos donn\u00e9es personnelles ne seront ni \u00e9chang\u00e9es et ni vendues.<br \/>\n<blockquote><p>Le r\u00e8glement g\u00e9n\u00e9ral sur la protection des donn\u00e9es (RGPD), qui entre en application le 25 mai 2018, impose une information concise, transparente, compr\u00e9hensible et ais\u00e9ment accessible des personnes concern\u00e9es. Cette obligation de transparence est d\u00e9fine aux articles 12, 13 et 14 du RGPD.<\/p><\/blockquote>\n<p>Pour toute modification de vos donn\u00e9es personnelles, merci de me contacter \u00e0 : <a href=\"mailto:info@peche-05.com\" Title=\"Contacter BLN Fly-Fishing 05\" alt=\"contact-bln-fly-fishing-05\">info@peche-05.com<\/a><\/p>\n<\/li>\n<\/ul>\n","protected":false},"excerpt":{"rendered":"<p>Mentions L\u00e9gales Site h\u00e9berg\u00e9 par : OVH Roubaix. Directeur de la publication : Mr Ades Boulmenadjel. Moniteur Guide de P\u00eache dipl\u00f4m\u00e9 du Centre National de Formation aux M\u00e9tiers de la &#8230;<\/p>\n","protected":false},"author":1,"featured_media":0,"parent":0,"menu_order":60,"comment_status":"closed","ping_status":"closed","template":"template-fullwidth.php","meta":{"footnotes":""},"class_list":["post-103","page","type-page","status-publish","hentry"],"yoast_head":"<!-- This site is optimized with the Yoast SEO plugin v27.4 - https:\/\/yoast.com\/product\/yoast-seo-wordpress\/ -->\n<title>Mentions L\u00e9gales -<\/title>\n<meta name=\"description\" content=\"Moniteur Guide de P\u00eache \u00e0 L&#039;Argenti\u00e8re-La Bess\u00e9e \u260e 0642157369, je vous propose des demis-journ\u00e9es, journ\u00e9es ou stages de P\u00eache \u00e0 la Mouche ou UL, niveau d\u00e9butant \u00e0 expert.\" \/>\n<meta name=\"robots\" content=\"index, follow, max-snippet:-1, max-image-preview:large, max-video-preview:-1\" \/>\n<link rel=\"canonical\" href=\"https:\/\/www.peche-05.com\/index.php\/mentions-legales\/\" \/>\n<meta property=\"og:locale\" content=\"fr_FR\" \/>\n<meta property=\"og:type\" content=\"article\" \/>\n<meta property=\"og:title\" content=\"Mentions L\u00e9gales -\" \/>\n<meta property=\"og:description\" content=\"Moniteur Guide de P\u00eache \u00e0 L&#039;Argenti\u00e8re-La Bess\u00e9e \u260e 0642157369, je vous propose des demis-journ\u00e9es, journ\u00e9es ou stages de P\u00eache \u00e0 la Mouche ou UL, niveau d\u00e9butant \u00e0 expert.\" \/>\n<meta property=\"og:url\" content=\"https:\/\/www.peche-05.com\/index.php\/mentions-legales\/\" \/>\n<meta property=\"og:site_name\" content=\"BLN Fly-Fishing 05\" \/>\n<meta property=\"article:modified_time\" content=\"2019-03-26T16:04:18+00:00\" \/>\n<meta name=\"twitter:card\" content=\"summary_large_image\" \/>\n<meta name=\"twitter:label1\" content=\"Dur\u00e9e de lecture estim\u00e9e\" \/>\n\t<meta name=\"twitter:data1\" content=\"1 minute\" \/>\n<script type=\"application\/ld+json\" class=\"yoast-schema-graph\">{\"@context\":\"https:\\\/\\\/schema.org\",\"@graph\":[{\"@type\":\"WebPage\",\"@id\":\"https:\\\/\\\/www.peche-05.com\\\/index.php\\\/mentions-legales\\\/\",\"url\":\"https:\\\/\\\/www.peche-05.com\\\/index.php\\\/mentions-legales\\\/\",\"name\":\"Mentions L\u00e9gales -\",\"isPartOf\":{\"@id\":\"https:\\\/\\\/www.peche-05.com\\\/#website\"},\"datePublished\":\"2018-08-24T12:38:31+00:00\",\"dateModified\":\"2019-03-26T16:04:18+00:00\",\"description\":\"Moniteur Guide de P\u00eache \u00e0 L'Argenti\u00e8re-La Bess\u00e9e \u260e 0642157369, je vous propose des demis-journ\u00e9es, journ\u00e9es ou stages de P\u00eache \u00e0 la Mouche ou UL, niveau d\u00e9butant \u00e0 expert.\",\"breadcrumb\":{\"@id\":\"https:\\\/\\\/www.peche-05.com\\\/index.php\\\/mentions-legales\\\/#breadcrumb\"},\"inLanguage\":\"fr-FR\",\"potentialAction\":[{\"@type\":\"ReadAction\",\"target\":[\"https:\\\/\\\/www.peche-05.com\\\/index.php\\\/mentions-legales\\\/\"]}]},{\"@type\":\"BreadcrumbList\",\"@id\":\"https:\\\/\\\/www.peche-05.com\\\/index.php\\\/mentions-legales\\\/#breadcrumb\",\"itemListElement\":[{\"@type\":\"ListItem\",\"position\":1,\"name\":\"Accueil\",\"item\":\"https:\\\/\\\/www.peche-05.com\\\/\"},{\"@type\":\"ListItem\",\"position\":2,\"name\":\"Mentions L\u00e9gales\"}]},{\"@type\":\"WebSite\",\"@id\":\"https:\\\/\\\/www.peche-05.com\\\/#website\",\"url\":\"https:\\\/\\\/www.peche-05.com\\\/\",\"name\":\"BLN Fly-Fishing 05\",\"description\":\"Moniteur Guide de P\u00eache - Hautes Alpes - \u260e 06 42 15 73 69\",\"publisher\":{\"@id\":\"https:\\\/\\\/www.peche-05.com\\\/#organization\"},\"potentialAction\":[{\"@type\":\"SearchAction\",\"target\":{\"@type\":\"EntryPoint\",\"urlTemplate\":\"https:\\\/\\\/www.peche-05.com\\\/?s={search_term_string}\"},\"query-input\":{\"@type\":\"PropertyValueSpecification\",\"valueRequired\":true,\"valueName\":\"search_term_string\"}}],\"inLanguage\":\"fr-FR\"},{\"@type\":\"Organization\",\"@id\":\"https:\\\/\\\/www.peche-05.com\\\/#organization\",\"name\":\"BLN Fly-Fishing 05\",\"url\":\"https:\\\/\\\/www.peche-05.com\\\/\",\"logo\":{\"@type\":\"ImageObject\",\"inLanguage\":\"fr-FR\",\"@id\":\"https:\\\/\\\/www.peche-05.com\\\/#\\\/schema\\\/logo\\\/image\\\/\",\"url\":\"https:\\\/\\\/www.peche-05.com\\\/wp-content\\\/uploads\\\/2018\\\/08\\\/L\u00d4G\u00d4--e1550510394861.png\",\"contentUrl\":\"https:\\\/\\\/www.peche-05.com\\\/wp-content\\\/uploads\\\/2018\\\/08\\\/L\u00d4G\u00d4--e1550510394861.png\",\"width\":200,\"height\":129,\"caption\":\"BLN Fly-Fishing 05\"},\"image\":{\"@id\":\"https:\\\/\\\/www.peche-05.com\\\/#\\\/schema\\\/logo\\\/image\\\/\"}}]}<\/script>\n<!-- \/ Yoast SEO plugin. -->","yoast_head_json":{"title":"Mentions L\u00e9gales -","description":"Moniteur Guide de P\u00eache \u00e0 L'Argenti\u00e8re-La Bess\u00e9e \u260e 0642157369, je vous propose des demis-journ\u00e9es, journ\u00e9es ou stages de P\u00eache \u00e0 la Mouche ou UL, niveau d\u00e9butant \u00e0 expert.","robots":{"index":"index","follow":"follow","max-snippet":"max-snippet:-1","max-image-preview":"max-image-preview:large","max-video-preview":"max-video-preview:-1"},"canonical":"https:\/\/www.peche-05.com\/index.php\/mentions-legales\/","og_locale":"fr_FR","og_type":"article","og_title":"Mentions L\u00e9gales -","og_description":"Moniteur Guide de P\u00eache \u00e0 L'Argenti\u00e8re-La Bess\u00e9e \u260e 0642157369, je vous propose des demis-journ\u00e9es, journ\u00e9es ou stages de P\u00eache \u00e0 la Mouche ou UL, niveau d\u00e9butant \u00e0 expert.","og_url":"https:\/\/www.peche-05.com\/index.php\/mentions-legales\/","og_site_name":"BLN Fly-Fishing 05","article_modified_time":"2019-03-26T16:04:18+00:00","twitter_card":"summary_large_image","twitter_misc":{"Dur\u00e9e de lecture estim\u00e9e":"1 minute"},"schema":{"@context":"https:\/\/schema.org","@graph":[{"@type":"WebPage","@id":"https:\/\/www.peche-05.com\/index.php\/mentions-legales\/","url":"https:\/\/www.peche-05.com\/index.php\/mentions-legales\/","name":"Mentions L\u00e9gales -","isPartOf":{"@id":"https:\/\/www.peche-05.com\/#website"},"datePublished":"2018-08-24T12:38:31+00:00","dateModified":"2019-03-26T16:04:18+00:00","description":"Moniteur Guide de P\u00eache \u00e0 L'Argenti\u00e8re-La Bess\u00e9e \u260e 0642157369, je vous propose des demis-journ\u00e9es, journ\u00e9es ou stages de P\u00eache \u00e0 la Mouche ou UL, niveau d\u00e9butant \u00e0 expert.","breadcrumb":{"@id":"https:\/\/www.peche-05.com\/index.php\/mentions-legales\/#breadcrumb"},"inLanguage":"fr-FR","potentialAction":[{"@type":"ReadAction","target":["https:\/\/www.peche-05.com\/index.php\/mentions-legales\/"]}]},{"@type":"BreadcrumbList","@id":"https:\/\/www.peche-05.com\/index.php\/mentions-legales\/#breadcrumb","itemListElement":[{"@type":"ListItem","position":1,"name":"Accueil","item":"https:\/\/www.peche-05.com\/"},{"@type":"ListItem","position":2,"name":"Mentions L\u00e9gales"}]},{"@type":"WebSite","@id":"https:\/\/www.peche-05.com\/#website","url":"https:\/\/www.peche-05.com\/","name":"BLN Fly-Fishing 05","description":"Moniteur Guide de P\u00eache - Hautes Alpes - \u260e 06 42 15 73 69","publisher":{"@id":"https:\/\/www.peche-05.com\/#organization"},"potentialAction":[{"@type":"SearchAction","target":{"@type":"EntryPoint","urlTemplate":"https:\/\/www.peche-05.com\/?s={search_term_string}"},"query-input":{"@type":"PropertyValueSpecification","valueRequired":true,"valueName":"search_term_string"}}],"inLanguage":"fr-FR"},{"@type":"Organization","@id":"https:\/\/www.peche-05.com\/#organization","name":"BLN Fly-Fishing 05","url":"https:\/\/www.peche-05.com\/","logo":{"@type":"ImageObject","inLanguage":"fr-FR","@id":"https:\/\/www.peche-05.com\/#\/schema\/logo\/image\/","url":"https:\/\/www.peche-05.com\/wp-content\/uploads\/2018\/08\/L\u00d4G\u00d4--e1550510394861.png","contentUrl":"https:\/\/www.peche-05.com\/wp-content\/uploads\/2018\/08\/L\u00d4G\u00d4--e1550510394861.png","width":200,"height":129,"caption":"BLN Fly-Fishing 05"},"image":{"@id":"https:\/\/www.peche-05.com\/#\/schema\/logo\/image\/"}}]}},"_links":{"self":[{"href":"https:\/\/www.peche-05.com\/index.php\/wp-json\/wp\/v2\/pages\/103","targetHints":{"allow":["GET"]}}],"collection":[{"href":"https:\/\/www.peche-05.com\/index.php\/wp-json\/wp\/v2\/pages"}],"about":[{"href":"https:\/\/www.peche-05.com\/index.php\/wp-json\/wp\/v2\/types\/page"}],"author":[{"embeddable":true,"href":"https:\/\/www.peche-05.com\/index.php\/wp-json\/wp\/v2\/users\/1"}],"replies":[{"embeddable":true,"href":"https:\/\/www.peche-05.com\/index.php\/wp-json\/wp\/v2\/comments?post=103"}],"version-history":[{"count":10,"href":"https:\/\/www.peche-05.com\/index.php\/wp-json\/wp\/v2\/pages\/103\/revisions"}],"predecessor-version":[{"id":1103,"href":"https:\/\/www.peche-05.com\/index.php\/wp-json\/wp\/v2\/pages\/103\/revisions\/1103"}],"wp:attachment":[{"href":"https:\/\/www.peche-05.com\/index.php\/wp-json\/wp\/v2\/media?parent=103"}],"curies":[{"name":"wp","href":"https:\/\/api.w.org\/{rel}","templated":true}]}}